{"id":4608,"date":"2023-01-26T16:05:56","date_gmt":"2023-01-26T15:05:56","guid":{"rendered":"https:\/\/sicilianstories.eu\/?page_id=4608"},"modified":"2025-08-19T09:08:27","modified_gmt":"2025-08-19T07:08:27","slug":"esperienze-pantelleria","status":"publish","type":"page","link":"https:\/\/sicilianstories.eu\/en\/esperienze-pantelleria\/","title":{"rendered":"Esperienze Pantelleria"},"content":{"rendered":"<div class=\".primary-menu .sub-menu { background-color:black; } wp-block-group alignfull has-background eplus-wrapper is-layout-constrained wp-container-core-group-is-layout-fd1788b7 wp-block-group-is-layout-constrained\" style=\"border-radius:0px;background-color:#f7f1f4;padding-top:50px;padding-right:50px;padding-bottom:50px;padding-left:50px\"><h1 class=\"fonts-plugin-block\" style=\"font-family: Roboto Condensed;font-weight: 700;font-size: 36px;text-align: center\">WHAT TO DO IN PANTELLERIA?<\/h1>\n\n\n<p class=\"has-text-align-center has-medium-font-size eplus-wrapper wp-block-paragraph\">The best offers for incredible experiences in Pantelleria! Trekking experiences, tastings, guided tours, cooking classes, boat tours, winery visits and much more in Pantelleria<\/p>\n<\/div>\n\n\n\n<div class=\"wp-block-group alignfull eplus-wrapper is-layout-flow wp-block-group-is-layout-flow\">\n<div style=\"height:20px\" aria-hidden=\"true\" class=\"wp-block-spacer eplus-wrapper\"><\/div>\n\n\n\n<h4 class=\"wp-block-heading has-text-align-center eplus-wrapper\" style=\"font-size:64px\">Pantelleria experiences<\/h4>\n<\/div>\n\n\n\n<div class=\"wp-block-group alignfull eplus-wrapper is-layout-flow wp-block-group-is-layout-flow\">\n<figure class=\"wp-block-image alignleft size-large eplus-wrapper\"><img data-recalc-dims=\"1\" loading=\"lazy\" decoding=\"async\" width=\"826\" height=\"1024\" data-attachment-id=\"1609\" data-permalink=\"https:\/\/sicilianstories.eu\/en\/raccolta-cappero-1\/\" data-orig-file=\"https:\/\/i0.wp.com\/sicilianstories.eu\/wp-content\/uploads\/2022\/08\/Raccolta-Cappero-1.png?fit=1089%2C1350&amp;ssl=1\" data-orig-size=\"1089,1350\" data-comments-opened=\"1\" data-image-meta=\"{&quot;aperture&quot;:&quot;0&quot;,&quot;credit&quot;:&quot;&quot;,&quot;camera&quot;:&quot;&quot;,&quot;caption&quot;:&quot;&quot;,&quot;created_timestamp&quot;:&quot;0&quot;,&quot;copyright&quot;:&quot;&quot;,&quot;focal_length&quot;:&quot;0&quot;,&quot;iso&quot;:&quot;0&quot;,&quot;shutter_speed&quot;:&quot;0&quot;,&quot;title&quot;:&quot;&quot;,&quot;orientation&quot;:&quot;0&quot;}\" data-image-title=\"Raccolta-Cappero-1\" data-image-description=\"\" data-image-caption=\"\" data-large-file=\"https:\/\/i0.wp.com\/sicilianstories.eu\/wp-content\/uploads\/2022\/08\/Raccolta-Cappero-1.png?fit=826%2C1024&amp;ssl=1\" src=\"https:\/\/i0.wp.com\/sicilianstories.eu\/wp-content\/uploads\/2022\/08\/Raccolta-Cappero-1.png?resize=826%2C1024&#038;ssl=1\" alt=\"esperienze-capperi-pantelleria\" class=\"wp-image-1609\" srcset=\"https:\/\/i0.wp.com\/sicilianstories.eu\/wp-content\/uploads\/2022\/08\/Raccolta-Cappero-1.png?resize=826%2C1024&amp;ssl=1 826w, https:\/\/i0.wp.com\/sicilianstories.eu\/wp-content\/uploads\/2022\/08\/Raccolta-Cappero-1.png?resize=242%2C300&amp;ssl=1 242w, https:\/\/i0.wp.com\/sicilianstories.eu\/wp-content\/uploads\/2022\/08\/Raccolta-Cappero-1.png?resize=768%2C952&amp;ssl=1 768w, https:\/\/i0.wp.com\/sicilianstories.eu\/wp-content\/uploads\/2022\/08\/Raccolta-Cappero-1.png?w=1089&amp;ssl=1 1089w\" sizes=\"auto, (max-width: 826px) 100vw, 826px\" \/><\/figure>\n\n\n\n<h3 class=\"wp-block-heading has-text-align-left has-roboto-font-family eplus-wrapper\"><strong>Raccolta dei Capperi e Museo del Cappero<\/strong><\/h3>\n\n\n\n<p class=\"eplus-wrapper wp-block-paragraph\">An immersive tour of the history and production of Pantelleria's prince: his majesty the caper! You will try your hand at harvesting in the capper groves, visit the industrial capper factory where caper processing takes place, ending the itinerary with a delicious tasting and a visit to the Caper Museum!<\/p>\n\n\n\n<div style=\"height:50px\" aria-hidden=\"true\" class=\"wp-block-spacer eplus-wrapper\"><\/div>\n<\/div>","protected":false},"excerpt":{"rendered":"<p>Le migliori offerte per vivere incredibili esperienze a Pantelleria! Esperienze di trekking, degustazioni, tour guidati, corsi di cucina, giri in barca, visite in cantina e tanto altro a Pantelleria Esperienze a Pantelleria Raccolta dei Capperi e Museo del Cappero Un percorso immersivo nella storia e nella produzione del principe di Pantelleria: sua maest\u00e0 il cappero! [&hellip;]<\/p>\n","protected":false},"author":154574258,"featured_media":0,"parent":0,"menu_order":0,"comment_status":"closed","ping_status":"closed","template":"","meta":{"_editorskit_title_hidden":true,"_editorskit_reading_time":1,"_editorskit_is_block_options_detached":false,"_editorskit_block_options_position":"{}","_crdt_document":"","editor_plus_copied_stylings":"{}","footnotes":""},"categories":[688637361],"tags":[],"class_list":["post-4608","page","type-page","status-publish","hentry","category-pagine-sito"],"featured_image_src":null,"yoast_head":"<!-- This site is optimized with the Yoast SEO plugin v27.5 - https:\/\/yoast.com\/product\/yoast-seo-wordpress\/ -->\n<title>Esperienze Pantelleria - Sicilian Stories<\/title>\n<meta name=\"robots\" content=\"index, follow, max-snippet:-1, max-image-preview:large, max-video-preview:-1\" \/>\n<link rel=\"canonical\" href=\"https:\/\/sicilianstories.eu\/en\/esperienze-pantelleria\/\" \/>\n<meta property=\"og:locale\" content=\"en_GB\" \/>\n<meta property=\"og:type\" content=\"article\" \/>\n<meta property=\"og:title\" content=\"Esperienze Pantelleria - Sicilian Stories\" \/>\n<meta property=\"og:description\" content=\"Le migliori offerte per vivere incredibili esperienze a Pantelleria! Esperienze di trekking, degustazioni, tour guidati, corsi di cucina, giri in barca, visite in cantina e tanto altro a Pantelleria Esperienze a Pantelleria Raccolta dei Capperi e Museo del Cappero Un percorso immersivo nella storia e nella produzione del principe di Pantelleria: sua maest\u00e0 il cappero! [&hellip;]\" \/>\n<meta property=\"og:url\" content=\"https:\/\/sicilianstories.eu\/en\/esperienze-pantelleria\/\" \/>\n<meta property=\"og:site_name\" content=\"Sicilian Stories\" \/>\n<meta property=\"article:publisher\" content=\"https:\/\/www.facebook.com\/sicilianstories\/\" \/>\n<meta property=\"article:modified_time\" content=\"2025-08-19T07:08:27+00:00\" \/>\n<meta property=\"og:image\" content=\"https:\/\/sicilianstories.eu\/wp-content\/uploads\/2022\/08\/Raccolta-Cappero-1-826x1024.png\" \/>\n<meta name=\"twitter:card\" content=\"summary_large_image\" \/>\n<meta name=\"twitter:label1\" content=\"Estimated reading time\" \/>\n\t<meta name=\"twitter:data1\" content=\"1 minute\" \/>\n<script type=\"application\/ld+json\" class=\"yoast-schema-graph\">{\"@context\":\"https:\\\/\\\/schema.org\",\"@graph\":[{\"@type\":\"WebPage\",\"@id\":\"https:\\\/\\\/sicilianstories.eu\\\/esperienze-pantelleria\\\/\",\"url\":\"https:\\\/\\\/sicilianstories.eu\\\/esperienze-pantelleria\\\/\",\"name\":\"Esperienze Pantelleria - Sicilian Stories\",\"isPartOf\":{\"@id\":\"https:\\\/\\\/sicilianstories.eu\\\/#website\"},\"primaryImageOfPage\":{\"@id\":\"https:\\\/\\\/sicilianstories.eu\\\/esperienze-pantelleria\\\/#primaryimage\"},\"image\":{\"@id\":\"https:\\\/\\\/sicilianstories.eu\\\/esperienze-pantelleria\\\/#primaryimage\"},\"thumbnailUrl\":\"https:\\\/\\\/sicilianstories.eu\\\/wp-content\\\/uploads\\\/2022\\\/08\\\/Raccolta-Cappero-1-826x1024.png\",\"datePublished\":\"2023-01-26T15:05:56+00:00\",\"dateModified\":\"2025-08-19T07:08:27+00:00\",\"breadcrumb\":{\"@id\":\"https:\\\/\\\/sicilianstories.eu\\\/esperienze-pantelleria\\\/#breadcrumb\"},\"inLanguage\":\"en-GB\",\"potentialAction\":[{\"@type\":\"ReadAction\",\"target\":[\"https:\\\/\\\/sicilianstories.eu\\\/esperienze-pantelleria\\\/\"]}]},{\"@type\":\"ImageObject\",\"inLanguage\":\"en-GB\",\"@id\":\"https:\\\/\\\/sicilianstories.eu\\\/esperienze-pantelleria\\\/#primaryimage\",\"url\":\"https:\\\/\\\/sicilianstories.eu\\\/wp-content\\\/uploads\\\/2022\\\/08\\\/Raccolta-Cappero-1-826x1024.png\",\"contentUrl\":\"https:\\\/\\\/sicilianstories.eu\\\/wp-content\\\/uploads\\\/2022\\\/08\\\/Raccolta-Cappero-1-826x1024.png\"},{\"@type\":\"BreadcrumbList\",\"@id\":\"https:\\\/\\\/sicilianstories.eu\\\/esperienze-pantelleria\\\/#breadcrumb\",\"itemListElement\":[{\"@type\":\"ListItem\",\"position\":1,\"name\":\"Home\",\"item\":\"https:\\\/\\\/sicilianstories.eu\\\/\"},{\"@type\":\"ListItem\",\"position\":2,\"name\":\"Esperienze Pantelleria\"}]},{\"@type\":\"WebSite\",\"@id\":\"https:\\\/\\\/sicilianstories.eu\\\/#website\",\"url\":\"https:\\\/\\\/sicilianstories.eu\\\/\",\"name\":\"Sicilian Stories\",\"description\":\"Sicilian Stories \u00e8 un progetto di promozione del Made in Sicily e di tutte le bellezze ed eccellenze del territorio siciliano.\",\"publisher\":{\"@id\":\"https:\\\/\\\/sicilianstories.eu\\\/#organization\"},\"potentialAction\":[{\"@type\":\"SearchAction\",\"target\":{\"@type\":\"EntryPoint\",\"urlTemplate\":\"https:\\\/\\\/sicilianstories.eu\\\/?s={search_term_string}\"},\"query-input\":{\"@type\":\"PropertyValueSpecification\",\"valueRequired\":true,\"valueName\":\"search_term_string\"}}],\"inLanguage\":\"en-GB\"},{\"@type\":\"Organization\",\"@id\":\"https:\\\/\\\/sicilianstories.eu\\\/#organization\",\"name\":\"Sicilian Stories\",\"url\":\"https:\\\/\\\/sicilianstories.eu\\\/\",\"logo\":{\"@type\":\"ImageObject\",\"inLanguage\":\"en-GB\",\"@id\":\"https:\\\/\\\/sicilianstories.eu\\\/#\\\/schema\\\/logo\\\/image\\\/\",\"url\":\"https:\\\/\\\/i0.wp.com\\\/sicilianstories.eu\\\/wp-content\\\/uploads\\\/2022\\\/06\\\/logosicilian-png.png?fit=1417%2C1772&ssl=1\",\"contentUrl\":\"https:\\\/\\\/i0.wp.com\\\/sicilianstories.eu\\\/wp-content\\\/uploads\\\/2022\\\/06\\\/logosicilian-png.png?fit=1417%2C1772&ssl=1\",\"width\":1417,\"height\":1772,\"caption\":\"Sicilian Stories\"},\"image\":{\"@id\":\"https:\\\/\\\/sicilianstories.eu\\\/#\\\/schema\\\/logo\\\/image\\\/\"},\"sameAs\":[\"https:\\\/\\\/www.facebook.com\\\/sicilianstories\\\/\",\"https:\\\/\\\/www.instagram.com\\\/sicilian_story\\\/\"]}]}<\/script>\n<!-- \/ Yoast SEO plugin. -->","yoast_head_json":{"title":"Esperienze Pantelleria - Sicilian Stories","robots":{"index":"index","follow":"follow","max-snippet":"max-snippet:-1","max-image-preview":"max-image-preview:large","max-video-preview":"max-video-preview:-1"},"canonical":"https:\/\/sicilianstories.eu\/en\/esperienze-pantelleria\/","og_locale":"en_GB","og_type":"article","og_title":"Esperienze Pantelleria - Sicilian Stories","og_description":"Le migliori offerte per vivere incredibili esperienze a Pantelleria! Esperienze di trekking, degustazioni, tour guidati, corsi di cucina, giri in barca, visite in cantina e tanto altro a Pantelleria Esperienze a Pantelleria Raccolta dei Capperi e Museo del Cappero Un percorso immersivo nella storia e nella produzione del principe di Pantelleria: sua maest\u00e0 il cappero! [&hellip;]","og_url":"https:\/\/sicilianstories.eu\/en\/esperienze-pantelleria\/","og_site_name":"Sicilian Stories","article_publisher":"https:\/\/www.facebook.com\/sicilianstories\/","article_modified_time":"2025-08-19T07:08:27+00:00","og_image":[{"url":"https:\/\/sicilianstories.eu\/wp-content\/uploads\/2022\/08\/Raccolta-Cappero-1-826x1024.png","type":"","width":"","height":""}],"twitter_card":"summary_large_image","twitter_misc":{"Estimated reading time":"1 minute"},"schema":{"@context":"https:\/\/schema.org","@graph":[{"@type":"WebPage","@id":"https:\/\/sicilianstories.eu\/esperienze-pantelleria\/","url":"https:\/\/sicilianstories.eu\/esperienze-pantelleria\/","name":"Esperienze Pantelleria - Sicilian Stories","isPartOf":{"@id":"https:\/\/sicilianstories.eu\/#website"},"primaryImageOfPage":{"@id":"https:\/\/sicilianstories.eu\/esperienze-pantelleria\/#primaryimage"},"image":{"@id":"https:\/\/sicilianstories.eu\/esperienze-pantelleria\/#primaryimage"},"thumbnailUrl":"https:\/\/sicilianstories.eu\/wp-content\/uploads\/2022\/08\/Raccolta-Cappero-1-826x1024.png","datePublished":"2023-01-26T15:05:56+00:00","dateModified":"2025-08-19T07:08:27+00:00","breadcrumb":{"@id":"https:\/\/sicilianstories.eu\/esperienze-pantelleria\/#breadcrumb"},"inLanguage":"en-GB","potentialAction":[{"@type":"ReadAction","target":["https:\/\/sicilianstories.eu\/esperienze-pantelleria\/"]}]},{"@type":"ImageObject","inLanguage":"en-GB","@id":"https:\/\/sicilianstories.eu\/esperienze-pantelleria\/#primaryimage","url":"https:\/\/sicilianstories.eu\/wp-content\/uploads\/2022\/08\/Raccolta-Cappero-1-826x1024.png","contentUrl":"https:\/\/sicilianstories.eu\/wp-content\/uploads\/2022\/08\/Raccolta-Cappero-1-826x1024.png"},{"@type":"BreadcrumbList","@id":"https:\/\/sicilianstories.eu\/esperienze-pantelleria\/#breadcrumb","itemListElement":[{"@type":"ListItem","position":1,"name":"Home","item":"https:\/\/sicilianstories.eu\/"},{"@type":"ListItem","position":2,"name":"Esperienze Pantelleria"}]},{"@type":"WebSite","@id":"https:\/\/sicilianstories.eu\/#website","url":"https:\/\/sicilianstories.eu\/","name":"Sicilian Stories","description":"Sicilian Stories is a project that promote Made in Sicily and all the beauty and excellence of the Sicilian territory.","publisher":{"@id":"https:\/\/sicilianstories.eu\/#organization"},"potentialAction":[{"@type":"SearchAction","target":{"@type":"EntryPoint","urlTemplate":"https:\/\/sicilianstories.eu\/?s={search_term_string}"},"query-input":{"@type":"PropertyValueSpecification","valueRequired":true,"valueName":"search_term_string"}}],"inLanguage":"en-GB"},{"@type":"Organization","@id":"https:\/\/sicilianstories.eu\/#organization","name":"Sicilian Stories","url":"https:\/\/sicilianstories.eu\/","logo":{"@type":"ImageObject","inLanguage":"en-GB","@id":"https:\/\/sicilianstories.eu\/#\/schema\/logo\/image\/","url":"https:\/\/i0.wp.com\/sicilianstories.eu\/wp-content\/uploads\/2022\/06\/logosicilian-png.png?fit=1417%2C1772&ssl=1","contentUrl":"https:\/\/i0.wp.com\/sicilianstories.eu\/wp-content\/uploads\/2022\/06\/logosicilian-png.png?fit=1417%2C1772&ssl=1","width":1417,"height":1772,"caption":"Sicilian Stories"},"image":{"@id":"https:\/\/sicilianstories.eu\/#\/schema\/logo\/image\/"},"sameAs":["https:\/\/www.facebook.com\/sicilianstories\/","https:\/\/www.instagram.com\/sicilian_story\/"]}]}},"jetpack_likes_enabled":false,"jetpack_sharing_enabled":true,"jetpack_shortlink":"https:\/\/wp.me\/Pe6q9k-1ck","jetpack-related-posts":[{"id":4618,"url":"https:\/\/sicilianstories.eu\/en\/esperienze-sicilia\/","url_meta":{"origin":4608,"position":0},"title":"Experiences","author":"sicilianstory","date":"26 January 2023","format":false,"excerpt":"Le migliori offerte per vivere incredibili esperienze in Sicilia! La Sicilia \u00e8 una destinazione turistica che permette di vivere esperienze uniche. Esperienze di trekking, degustazioni, tour guidati, corsi di cucina, giri in barca, visite in cantina e tanto altro per per Palermo, Messina, Catania, Agrigento, Trapani, Siracusa, Ragusa, Enna, Caltanissetta\u2026","rel":"","context":"In &quot;Pagine Sito&quot;","block_context":{"text":"Pagine Sito","link":"https:\/\/sicilianstories.eu\/en\/category\/pagine-sito\/"},"img":{"alt_text":"","src":"https:\/\/i0.wp.com\/sicilianstories.eu\/wp-content\/uploads\/2023\/02\/Caltanissetta-Esperienze-1.png?resize=350%2C200&ssl=1","width":350,"height":200,"srcset":"https:\/\/i0.wp.com\/sicilianstories.eu\/wp-content\/uploads\/2023\/02\/Caltanissetta-Esperienze-1.png?resize=350%2C200&ssl=1 1x, https:\/\/i0.wp.com\/sicilianstories.eu\/wp-content\/uploads\/2023\/02\/Caltanissetta-Esperienze-1.png?resize=525%2C300&ssl=1 1.5x, https:\/\/i0.wp.com\/sicilianstories.eu\/wp-content\/uploads\/2023\/02\/Caltanissetta-Esperienze-1.png?resize=700%2C400&ssl=1 2x"},"classes":[]},{"id":1455,"url":"https:\/\/sicilianstories.eu\/en\/pantelleria\/","url_meta":{"origin":4608,"position":1},"title":"Pantelleria","author":"sicilianstory","date":"8 August 2022","format":false,"excerpt":"Itinerario Pantelleria: Pantelleria\u00a0\u00e8 un isola del mar Mediterraneo in Sicilia, \u00e8 la pi\u00f9 grande tra le Isole satelliti siciliane. Pantelleria Itinerari a Pantelleria 1) Pantelleria La perla nera del Mediterraneo oggi, pi\u00f9 semplicemente Pantelleria \u00e8 l\u2019isola pi\u00f9 estesa delle Isole Minori Siciliane, pi\u00f9 vicina al Continente Africano che alla Sicilia!Pantelleria\u2026","rel":"","context":"In &quot;Pagine Sito&quot;","block_context":{"text":"Pagine Sito","link":"https:\/\/sicilianstories.eu\/en\/category\/pagine-sito\/"},"img":{"alt_text":"","src":"https:\/\/i0.wp.com\/sicilianstories.eu\/wp-content\/uploads\/2022\/08\/Pantelleria-1.png?resize=350%2C200&ssl=1","width":350,"height":200,"srcset":"https:\/\/i0.wp.com\/sicilianstories.eu\/wp-content\/uploads\/2022\/08\/Pantelleria-1.png?resize=350%2C200&ssl=1 1x, https:\/\/i0.wp.com\/sicilianstories.eu\/wp-content\/uploads\/2022\/08\/Pantelleria-1.png?resize=525%2C300&ssl=1 1.5x, https:\/\/i0.wp.com\/sicilianstories.eu\/wp-content\/uploads\/2022\/08\/Pantelleria-1.png?resize=700%2C400&ssl=1 2x, https:\/\/i0.wp.com\/sicilianstories.eu\/wp-content\/uploads\/2022\/08\/Pantelleria-1.png?resize=1050%2C600&ssl=1 3x"},"classes":[]},{"id":4611,"url":"https:\/\/sicilianstories.eu\/en\/esperienze-pelagie\/","url_meta":{"origin":4608,"position":2},"title":"Esperienze Pelagie","author":"sicilianstory","date":"26 January 2023","format":false,"excerpt":"Le migliori offerte per vivere incredibili esperienze alle Isole Pelagie! Esperienze di trekking, degustazioni, tour guidati, corsi di cucina, giri in barca, visite in cantina e tanto altro alle Isole Pelagie! Esperienze alle Isole Pelagie Gita in barca a Lampedusa con pranzo, SUP e Snorkeling Un esperienza indimenticabile all\u2019insegna della\u2026","rel":"","context":"In &quot;Pagine Sito&quot;","block_context":{"text":"Pagine Sito","link":"https:\/\/sicilianstories.eu\/en\/category\/pagine-sito\/"},"img":{"alt_text":"","src":"https:\/\/i0.wp.com\/sicilianstories.eu\/wp-content\/uploads\/2025\/07\/gita-barca-lampedusa.png?resize=350%2C200&ssl=1","width":350,"height":200,"srcset":"https:\/\/i0.wp.com\/sicilianstories.eu\/wp-content\/uploads\/2025\/07\/gita-barca-lampedusa.png?resize=350%2C200&ssl=1 1x, https:\/\/i0.wp.com\/sicilianstories.eu\/wp-content\/uploads\/2025\/07\/gita-barca-lampedusa.png?resize=525%2C300&ssl=1 1.5x, https:\/\/i0.wp.com\/sicilianstories.eu\/wp-content\/uploads\/2025\/07\/gita-barca-lampedusa.png?resize=700%2C400&ssl=1 2x, https:\/\/i0.wp.com\/sicilianstories.eu\/wp-content\/uploads\/2025\/07\/gita-barca-lampedusa.png?resize=1050%2C600&ssl=1 3x"},"classes":[]},{"id":149,"url":"https:\/\/sicilianstories.eu\/en\/itinerari\/","url_meta":{"origin":4608,"position":3},"title":"Itineraries","author":"sicilianstory","date":"5 July 2022","format":false,"excerpt":"Guide ed itinerari turistici divisi per provincia, per scoprire tutte le bellezze della Sicilia!La Sicilia offre una vera e propria esperienza di viaggio, con una vasta gamma di paesaggi, culture e storia da esplorare. La bellezza delle coste, le spiagge e le isole, i siti archeologici, le riserve naturali, le\u2026","rel":"","context":"In &quot;Pagine Sito&quot;","block_context":{"text":"Pagine Sito","link":"https:\/\/sicilianstories.eu\/en\/category\/pagine-sito\/"},"img":{"alt_text":"","src":"https:\/\/i0.wp.com\/sicilianstories.eu\/wp-content\/uploads\/2022\/07\/ustica.png?resize=350%2C200&ssl=1","width":350,"height":200,"srcset":"https:\/\/i0.wp.com\/sicilianstories.eu\/wp-content\/uploads\/2022\/07\/ustica.png?resize=350%2C200&ssl=1 1x, https:\/\/i0.wp.com\/sicilianstories.eu\/wp-content\/uploads\/2022\/07\/ustica.png?resize=525%2C300&ssl=1 1.5x, https:\/\/i0.wp.com\/sicilianstories.eu\/wp-content\/uploads\/2022\/07\/ustica.png?resize=700%2C400&ssl=1 2x"},"classes":[]},{"id":4594,"url":"https:\/\/sicilianstories.eu\/en\/esperienze-caltanissetta\/","url_meta":{"origin":4608,"position":4},"title":"Esperienze Caltanissetta","author":"sicilianstory","date":"26 January 2023","format":false,"excerpt":"Le migliori offerte per vivere incredibili esperienze a Caltanissetta! Esperienze di trekking, degustazioni, tour guidati, corsi di cucina, giri in barca, visite in cantina e tanto altro a Caltanissetta! Esperienze a Caltanissetta Tour guidato di Villa del Casale (Piazza Armerina) Visita guidata della Villa Romana del Casale in Piazza Armerina,\u2026","rel":"","context":"In &quot;Pagine Sito&quot;","block_context":{"text":"Pagine Sito","link":"https:\/\/sicilianstories.eu\/en\/category\/pagine-sito\/"},"img":{"alt_text":"","src":"https:\/\/i0.wp.com\/sicilianstories.eu\/wp-content\/uploads\/2025\/07\/villa-romana-casale-tour.png?resize=350%2C200&ssl=1","width":350,"height":200,"srcset":"https:\/\/i0.wp.com\/sicilianstories.eu\/wp-content\/uploads\/2025\/07\/villa-romana-casale-tour.png?resize=350%2C200&ssl=1 1x, https:\/\/i0.wp.com\/sicilianstories.eu\/wp-content\/uploads\/2025\/07\/villa-romana-casale-tour.png?resize=525%2C300&ssl=1 1.5x, https:\/\/i0.wp.com\/sicilianstories.eu\/wp-content\/uploads\/2025\/07\/villa-romana-casale-tour.png?resize=700%2C400&ssl=1 2x, https:\/\/i0.wp.com\/sicilianstories.eu\/wp-content\/uploads\/2025\/07\/villa-romana-casale-tour.png?resize=1050%2C600&ssl=1 3x"},"classes":[]},{"id":4597,"url":"https:\/\/sicilianstories.eu\/en\/esperienze-egadi\/","url_meta":{"origin":4608,"position":5},"title":"Esperienze Egadi","author":"sicilianstory","date":"26 January 2023","format":false,"excerpt":"Le migliori offerte per vivere incredibili esperienze alle Isole Egadi! Esperienze di trekking, degustazioni, tour guidati, corsi di cucina, giri in barca, visite in cantina e tanto altro alle Isole Egadi! Esperienze alle Isole Egadi Tour in Barca di Favignana e Levanzo Immagina uno specchio d'acqua tra i pi\u00f9 belli\u2026","rel":"","context":"In &quot;Pagine Sito&quot;","block_context":{"text":"Pagine Sito","link":"https:\/\/sicilianstories.eu\/en\/category\/pagine-sito\/"},"img":{"alt_text":"","src":"https:\/\/i0.wp.com\/sicilianstories.eu\/wp-content\/uploads\/2025\/07\/tour-isole-egadi-barca.png?resize=350%2C200&ssl=1","width":350,"height":200,"srcset":"https:\/\/i0.wp.com\/sicilianstories.eu\/wp-content\/uploads\/2025\/07\/tour-isole-egadi-barca.png?resize=350%2C200&ssl=1 1x, https:\/\/i0.wp.com\/sicilianstories.eu\/wp-content\/uploads\/2025\/07\/tour-isole-egadi-barca.png?resize=525%2C300&ssl=1 1.5x, https:\/\/i0.wp.com\/sicilianstories.eu\/wp-content\/uploads\/2025\/07\/tour-isole-egadi-barca.png?resize=700%2C400&ssl=1 2x, https:\/\/i0.wp.com\/sicilianstories.eu\/wp-content\/uploads\/2025\/07\/tour-isole-egadi-barca.png?resize=1050%2C600&ssl=1 3x"},"classes":[]}],"_links":{"self":[{"href":"https:\/\/sicilianstories.eu\/en\/wp-json\/wp\/v2\/pages\/4608","targetHints":{"allow":["GET"]}}],"collection":[{"href":"https:\/\/sicilianstories.eu\/en\/wp-json\/wp\/v2\/pages"}],"about":[{"href":"https:\/\/sicilianstories.eu\/en\/wp-json\/wp\/v2\/types\/page"}],"author":[{"embeddable":true,"href":"https:\/\/sicilianstories.eu\/en\/wp-json\/wp\/v2\/users\/154574258"}],"replies":[{"embeddable":true,"href":"https:\/\/sicilianstories.eu\/en\/wp-json\/wp\/v2\/comments?post=4608"}],"version-history":[{"count":7,"href":"https:\/\/sicilianstories.eu\/en\/wp-json\/wp\/v2\/pages\/4608\/revisions"}],"predecessor-version":[{"id":9655,"href":"https:\/\/sicilianstories.eu\/en\/wp-json\/wp\/v2\/pages\/4608\/revisions\/9655"}],"wp:attachment":[{"href":"https:\/\/sicilianstories.eu\/en\/wp-json\/wp\/v2\/media?parent=4608"}],"wp:term":[{"taxonomy":"category","embeddable":true,"href":"https:\/\/sicilianstories.eu\/en\/wp-json\/wp\/v2\/categories?post=4608"},{"taxonomy":"post_tag","embeddable":true,"href":"https:\/\/sicilianstories.eu\/en\/wp-json\/wp\/v2\/tags?post=4608"}],"curies":[{"name":"wp","href":"https:\/\/api.w.org\/{rel}","templated":true}]}}